{"id":2198,"date":"2026-02-07T18:23:42","date_gmt":"2026-02-07T15:23:42","guid":{"rendered":"https:\/\/bzkgrup.com\/?page_id=2198"},"modified":"2026-02-08T12:28:13","modified_gmt":"2026-02-08T09:28:13","slug":"insaat-taahhut","status":"publish","type":"page","link":"https:\/\/bzkgrup.com\/?page_id=2198","title":{"rendered":"\u0130n\u015faat Taahh\u00fct"},"content":{"rendered":"\t\t<div data-elementor-type=\"wp-page\" data-elementor-id=\"2198\" class=\"elementor elementor-2198\" data-elementor-post-type=\"page\">\n\t\t\t\t<div class=\"elementor-element elementor-element-408d0d2 thegem-e-con-layout-thegem e-flex e-con-boxed e-con e-parent\" data-id=\"408d0d2\" data-element_type=\"container\" data-e-type=\"container\" data-settings=\"{&quot;thegem_container_layout&quot;:&quot;thegem&quot;}\">\r\n\t\t\t\t\t<div class=\"e-con-inner\">\r\n\t\t\t\t<div class=\"elementor-element elementor-element-1491d00 flex-horizontal-align-default flex-horizontal-align-tablet-default flex-horizontal-align-mobile-default flex-vertical-align-default flex-vertical-align-tablet-default flex-vertical-align-mobile-default elementor-widget elementor-widget-heading\" data-id=\"1491d00\" data-element_type=\"widget\" data-e-type=\"widget\" data-widget_type=\"heading.default\">\n\t\t\t\t\t<div class=\"title-h2 elementor-heading-title elementor-size-default\">\u0130n\u015faat Taahh\u00fct<\/div>\t\t\t\t<\/div>\n\t\t\t\t<div class=\"elementor-element elementor-element-6ed1a0a elementor-widget-divider--view-line flex-horizontal-align-default flex-horizontal-align-tablet-default flex-horizontal-align-mobile-default flex-vertical-align-default flex-vertical-align-tablet-default flex-vertical-align-mobile-default elementor-widget elementor-widget-divider\" data-id=\"6ed1a0a\" data-element_type=\"widget\" data-e-type=\"widget\" data-widget_type=\"divider.default\">\n\t\t\t\t\t\t\t<div class=\"elementor-divider\">\n\t\t\t<span class=\"elementor-divider-separator\">\n\t\t\t\t\t\t<\/span>\n\t\t<\/div>\n\t\t\t\t\t\t<\/div>\n\t\t\t\t\t<\/div>\n\t\t\t\t<\/div>\n\t\t<div class=\"elementor-element elementor-element-78af2a8 thegem-e-con-layout-thegem e-flex e-con-boxed e-con e-parent\" data-id=\"78af2a8\" data-element_type=\"container\" data-e-type=\"container\" data-settings=\"{&quot;thegem_container_layout&quot;:&quot;thegem&quot;}\">\r\n\t\t\t\t\t<div class=\"e-con-inner\">\r\n\t\t<div class=\"elementor-element elementor-element-8238b9a e-con-full thegem-e-con-layout-thegem e-flex e-con e-child\" data-id=\"8238b9a\" data-element_type=\"container\" data-e-type=\"container\" data-settings=\"{&quot;thegem_container_layout&quot;:&quot;thegem&quot;}\">\r\n\t\t\t\t<div class=\"elementor-element elementor-element-d9b3346 flex-horizontal-align-default flex-horizontal-align-tablet-default flex-horizontal-align-mobile-default flex-vertical-align-default flex-vertical-align-tablet-default flex-vertical-align-mobile-default elementor-widget elementor-widget-text-editor\" data-id=\"d9b3346\" data-element_type=\"widget\" data-e-type=\"widget\" data-widget_type=\"text-editor.default\">\n\t\t\t\t\t\t\t\t\t\t\t\t<div class=\"elementor-text-editor elementor-clearfix\">\r\n\t\t\t\t\t\t<p>\u0130n\u015faat taahh\u00fct hizmetlerimiz kapsam\u0131nda; projelendirmeden saha uygulamas\u0131na, kalite kontrolden anahtar teslim s\u00fcrecine kadar t\u00fcm a\u015famalar\u0131 profesyonel bir anlay\u0131\u015fla y\u00f6netiyoruz. 2013 y\u0131l\u0131ndan bu yana edindi\u011fimiz saha tecr\u00fcbesi ve g\u00fc\u00e7l\u00fc teknik kadromuz sayesinde her projede disiplinli, planl\u0131 ve s\u00fcrd\u00fcr\u00fclebilir \u00e7\u00f6z\u00fcmler \u00fcretiyoruz.<\/p><p>Her yap\u0131y\u0131; g\u00fcvenlik, dayan\u0131kl\u0131l\u0131k ve uzun \u00f6m\u00fcr kriterlerini esas alarak in\u015fa ediyor, modern m\u00fchendislik y\u00f6ntemleri ve g\u00fcncel in\u015faat teknolojileri ile uyguluyoruz. \u0130\u015f program\u0131na uygun ilerleme, etkin maliyet kontrol\u00fc ve y\u00fcksek kalite standartlar\u0131 ile projeleri eksiksiz \u015fekilde teslim ediyoruz.<\/p><p>Amac\u0131m\u0131z yaln\u0131zca bir yap\u0131y\u0131 tamamlamak de\u011fil, i\u015f ortaklar\u0131m\u0131z i\u00e7in g\u00fcvenilir ve kal\u0131c\u0131 de\u011fer \u00fcretmektir.<\/p>\t\t\t\t\t\t\t<\/div>\r\n\t\t\t\t\t\t\t\t\t\t<\/div>\n\t\t\t\t<\/div>\n\t\t<div class=\"elementor-element elementor-element-ac55471 e-con-full thegem-e-con-layout-thegem e-flex e-con e-child\" data-id=\"ac55471\" data-element_type=\"container\" data-e-type=\"container\" data-settings=\"{&quot;thegem_container_layout&quot;:&quot;thegem&quot;}\">\r\n\t\t\t\t<div class=\"elementor-element elementor-element-43b0109 elementor-icon-list--layout-traditional elementor-list-item-link-full_width flex-horizontal-align-default flex-horizontal-align-tablet-default flex-horizontal-align-mobile-default flex-vertical-align-default flex-vertical-align-tablet-default flex-vertical-align-mobile-default elementor-widget elementor-widget-icon-list\" data-id=\"43b0109\" data-element_type=\"widget\" data-e-type=\"widget\" data-widget_type=\"icon-list.default\">\n\t\t\t\t\t\t\t<ul class=\"elementor-icon-list-items\">\n\t\t\t\t\t\t\t<li class=\"elementor-icon-list-item\">\n\t\t\t\t\t\t\t\t\t\t\t<span class=\"elementor-icon-list-icon\">\n\t\t\t\t\t\t\t<svg aria-hidden=\"true\" class=\"e-font-icon-svg e-fas-circle\" viewBox=\"0 0 512 512\" xmlns=\"http:\/\/www.w3.org\/2000\/svg\"><path d=\"M256 8C119 8 8 119 8 256s111 248 248 248 248-111 248-248S393 8 256 8z\"><\/path><\/svg>\t\t\t\t\t\t<\/span>\n\t\t\t\t\t\t\t\t\t\t<span class=\"elementor-icon-list-text\">Anahtar teslim \u00fcst yap\u0131 projeleri<\/span>\n\t\t\t\t\t\t\t\t\t<\/li>\n\t\t\t\t\t\t\t\t<li class=\"elementor-icon-list-item\">\n\t\t\t\t\t\t\t\t\t\t\t<span class=\"elementor-icon-list-icon\">\n\t\t\t\t\t\t\t<svg aria-hidden=\"true\" class=\"e-font-icon-svg e-fas-circle\" viewBox=\"0 0 512 512\" xmlns=\"http:\/\/www.w3.org\/2000\/svg\"><path d=\"M256 8C119 8 8 119 8 256s111 248 248 248 248-111 248-248S393 8 256 8z\"><\/path><\/svg>\t\t\t\t\t\t<\/span>\n\t\t\t\t\t\t\t\t\t\t<span class=\"elementor-icon-list-text\">Konut ve ticari yap\u0131 in\u015faatlar\u0131<\/span>\n\t\t\t\t\t\t\t\t\t<\/li>\n\t\t\t\t\t\t\t\t<li class=\"elementor-icon-list-item\">\n\t\t\t\t\t\t\t\t\t\t\t<span class=\"elementor-icon-list-icon\">\n\t\t\t\t\t\t\t<svg aria-hidden=\"true\" class=\"e-font-icon-svg e-fas-circle\" viewBox=\"0 0 512 512\" xmlns=\"http:\/\/www.w3.org\/2000\/svg\"><path d=\"M256 8C119 8 8 119 8 256s111 248 248 248 248-111 248-248S393 8 256 8z\"><\/path><\/svg>\t\t\t\t\t\t<\/span>\n\t\t\t\t\t\t\t\t\t\t<span class=\"elementor-icon-list-text\">Kaba ve ince i\u015fler uygulamalar\u0131<\/span>\n\t\t\t\t\t\t\t\t\t<\/li>\n\t\t\t\t\t\t\t\t<li class=\"elementor-icon-list-item\">\n\t\t\t\t\t\t\t\t\t\t\t<span class=\"elementor-icon-list-icon\">\n\t\t\t\t\t\t\t<svg aria-hidden=\"true\" class=\"e-font-icon-svg e-fas-circle\" viewBox=\"0 0 512 512\" xmlns=\"http:\/\/www.w3.org\/2000\/svg\"><path d=\"M256 8C119 8 8 119 8 256s111 248 248 248 248-111 248-248S393 8 256 8z\"><\/path><\/svg>\t\t\t\t\t\t<\/span>\n\t\t\t\t\t\t\t\t\t\t<span class=\"elementor-icon-list-text\">Proje ve saha y\u00f6netimi<\/span>\n\t\t\t\t\t\t\t\t\t<\/li>\n\t\t\t\t\t\t\t\t<li class=\"elementor-icon-list-item\">\n\t\t\t\t\t\t\t\t\t\t\t<span class=\"elementor-icon-list-icon\">\n\t\t\t\t\t\t\t<svg aria-hidden=\"true\" class=\"e-font-icon-svg e-fas-circle\" viewBox=\"0 0 512 512\" xmlns=\"http:\/\/www.w3.org\/2000\/svg\"><path d=\"M256 8C119 8 8 119 8 256s111 248 248 248 248-111 248-248S393 8 256 8z\"><\/path><\/svg>\t\t\t\t\t\t<\/span>\n\t\t\t\t\t\t\t\t\t\t<span class=\"elementor-icon-list-text\">Planlama, b\u00fct\u00e7e ve kalite kontrol<\/span>\n\t\t\t\t\t\t\t\t\t<\/li>\n\t\t\t\t\t\t\t\t<li class=\"elementor-icon-list-item\">\n\t\t\t\t\t\t\t\t\t\t\t<span class=\"elementor-icon-list-icon\">\n\t\t\t\t\t\t\t<svg aria-hidden=\"true\" class=\"e-font-icon-svg e-fas-circle\" viewBox=\"0 0 512 512\" xmlns=\"http:\/\/www.w3.org\/2000\/svg\"><path d=\"M256 8C119 8 8 119 8 256s111 248 248 248 248-111 248-248S393 8 256 8z\"><\/path><\/svg>\t\t\t\t\t\t<\/span>\n\t\t\t\t\t\t\t\t\t\t<span class=\"elementor-icon-list-text\">Zaman\u0131nda ve eksiksiz teslim<\/span>\n\t\t\t\t\t\t\t\t\t<\/li>\n\t\t\t\t\t\t<\/ul>\n\t\t\t\t\t\t<\/div>\n\t\t\t\t<\/div>\n\t\t\t\t\t<\/div>\n\t\t\t\t<\/div>\n\t\t\t\t<main class=\"elementor-section elementor-top-section elementor-element elementor-element-a65a271 elementor-section-boxed elementor-section-height-default elementor-section-height-default\" data-id=\"a65a271\" data-element_type=\"section\" data-e-type=\"section\">\r\n\t\t\t\t\t\t<div class=\"elementor-container elementor-column-gap-thegem\"><div class=\"elementor-row\">\r\n\t\t\t\t\t<div class=\"elementor-column elementor-col-100 elementor-top-column elementor-element elementor-element-a2eebff\" data-id=\"a2eebff\" data-element_type=\"column\" data-e-type=\"column\">\n\t\t\t<div class=\"elementor-widget-wrap elementor-element-populated\">\n\t\t\t\t\t\t<div class=\"elementor-element elementor-element-69c3ed1 flex-horizontal-align-default flex-horizontal-align-tablet-default flex-horizontal-align-mobile-default flex-vertical-align-default flex-vertical-align-tablet-default flex-vertical-align-mobile-default elementor-widget elementor-widget-thegem-quoted-text\" data-id=\"69c3ed1\" data-element_type=\"widget\" data-e-type=\"widget\" data-settings=\"{&quot;thegem_elementor_preset&quot;:&quot;style-1&quot;}\" data-widget_type=\"thegem-quoted-text.default\">\n\t\t\t\t<div class=\"elementor-widget-container\">\n\t\t\t\t\t<div class=\"gem-quote gem-quote-style-1 default-background\">\n\t<blockquote class=\"gem-text-output\"><div class=\"title-h5\"><h5 style=\"text-align: center\"><strong>Taahh\u00fcd\u00fcm\u00fcz net: B\u00fct\u00e7esinde, zaman\u0131nda ve kaliteli projeler.<\/strong><\/h5><\/div><\/blockquote>\n<\/div>\n\t\t\t\t<\/div>\n\t\t\t\t<\/div>\n\t\t\t\t\t<\/div>\n\t\t<\/div>\n\t\t\t\t\t<\/div><\/div>\r\n\t\t<\/main>\r\n\t\t\t\t<\/div>\n\t\t","protected":false},"excerpt":{"rendered":"<p>\u0130n\u015faat Taahh\u00fct \u0130n\u015faat taahh\u00fct hizmetlerimiz kapsam\u0131nda; projelendirmeden saha uygulamas\u0131na, kalite kontrolden anahtar teslim s\u00fcrecine kadar t\u00fcm a\u015famalar\u0131 profesyonel bir anlay\u0131\u015fla&#8230;<\/p>\n","protected":false},"author":1,"featured_media":0,"parent":0,"menu_order":0,"comment_status":"closed","ping_status":"closed","template":"page-fullwidth.php","meta":{"footnotes":""},"class_list":["post-2198","page","type-page","status-publish"],"_links":{"self":[{"href":"https:\/\/bzkgrup.com\/index.php?rest_route=\/wp\/v2\/pages\/2198","targetHints":{"allow":["GET"]}}],"collection":[{"href":"https:\/\/bzkgrup.com\/index.php?rest_route=\/wp\/v2\/pages"}],"about":[{"href":"https:\/\/bzkgrup.com\/index.php?rest_route=\/wp\/v2\/types\/page"}],"author":[{"embeddable":true,"href":"https:\/\/bzkgrup.com\/index.php?rest_route=\/wp\/v2\/users\/1"}],"replies":[{"embeddable":true,"href":"https:\/\/bzkgrup.com\/index.php?rest_route=%2Fwp%2Fv2%2Fcomments&post=2198"}],"version-history":[{"count":11,"href":"https:\/\/bzkgrup.com\/index.php?rest_route=\/wp\/v2\/pages\/2198\/revisions"}],"predecessor-version":[{"id":2344,"href":"https:\/\/bzkgrup.com\/index.php?rest_route=\/wp\/v2\/pages\/2198\/revisions\/2344"}],"wp:attachment":[{"href":"https:\/\/bzkgrup.com\/index.php?rest_route=%2Fwp%2Fv2%2Fmedia&parent=2198"}],"curies":[{"name":"wp","href":"https:\/\/api.w.org\/{rel}","templated":true}]}}